{"id":6274,"date":"2024-12-09T20:18:30","date_gmt":"2024-12-09T20:18:30","guid":{"rendered":"https:\/\/unitedhandsforrefugees.org\/?page_id=6274"},"modified":"2025-01-12T18:24:59","modified_gmt":"2025-01-12T17:24:59","slug":"our-work","status":"publish","type":"page","link":"https:\/\/unitedhandsforrefugees.org\/de\/our-work\/","title":{"rendered":"Unsere Arbeit"},"content":{"rendered":"<div data-elementor-type=\"wp-page\" data-elementor-id=\"6274\" class=\"elementor elementor-6274\" data-elementor-post-type=\"page\">\n\t\t\t\t<div data-particle_enable=\"false\" data-particle-mobile-disabled=\"false\" class=\"elementor-element elementor-element-6ce508a e-flex e-con-boxed e-con e-parent\" data-id=\"6ce508a\" data-element_type=\"container\">\n\t\t\t\t\t<div class=\"e-con-inner\">\n\t\t\t\t<div class=\"elementor-element elementor-element-c760ea9 sc_fly_static elementor-widget elementor-widget-heading\" data-id=\"c760ea9\" data-element_type=\"widget\" data-widget_type=\"heading.default\">\n\t\t\t\t<div class=\"elementor-widget-container\">\n\t\t\t\t\t<h1 class=\"elementor-heading-title elementor-size-default\">Unsere Arbeit<\/h1>\t\t\t\t<\/div>\n\t\t\t\t<\/div>\n\t\t\t\t<div class=\"elementor-element elementor-element-1167fe6 sc_height_small elementor-widget-divider--view-line sc_fly_static elementor-widget elementor-widget-divider\" data-id=\"1167fe6\" data-element_type=\"widget\" data-widget_type=\"divider.default\">\n\t\t\t\t<div class=\"elementor-widget-container\">\n\t\t\t\t\t\t\t<div class=\"elementor-divider\">\n\t\t\t<span class=\"elementor-divider-separator\">\n\t\t\t\t\t\t<\/span>\n\t\t<\/div>\n\t\t\t\t\t\t<\/div>\n\t\t\t\t<\/div>\n\t\t\t\t\t<\/div>\n\t\t\t\t<\/div>\n\t\t<div data-particle_enable=\"false\" data-particle-mobile-disabled=\"false\" class=\"elementor-element elementor-element-d4f45c0 e-con-full e-flex e-con e-parent\" data-id=\"d4f45c0\" data-element_type=\"container\">\n\t\t\t\t<div class=\"elementor-element elementor-element-d13ca10 sc_fly_static elementor-widget elementor-widget-text-editor\" data-id=\"d13ca10\" data-element_type=\"widget\" data-widget_type=\"text-editor.default\">\n\t\t\t\t<div class=\"elementor-widget-container\">\n\t\t\t\t\t\t\t\t\t<p>UHfR ist haupts\u00e4chlich in drei Feldern t\u00e4tig:<\/p><p>Community Support Programm, Initiative f\u00fcr Jesid*innen und Advocacy und Awareness<\/p>\t\t\t\t\t\t\t\t<\/div>\n\t\t\t\t<\/div>\n\t\t\t\t<\/div>\n\t\t<div data-particle_enable=\"false\" data-particle-mobile-disabled=\"false\" class=\"elementor-element elementor-element-3cba12d e-con-full e-flex e-con e-parent\" data-id=\"3cba12d\" data-element_type=\"container\">\n\t\t\t\t<div class=\"elementor-element elementor-element-011e909 sc_fly_static elementor-widget elementor-widget-trx_sc_action\" data-id=\"011e909\" data-element_type=\"widget\" data-widget_type=\"trx_sc_action.default\">\n\t\t\t\t<div class=\"elementor-widget-container\">\n\t\t\t\t\t<div  id=\"trx_sc_action_1433482704\" \r\n\tclass=\"sc_action sc_action_default\"><div class=\"sc_action_columns_wrap sc_item_columns trx_addons_columns_wrap columns_padding_bottom columns_in_single_row\"><div class=\"trx_addons_column-1_3\"><div class=\"sc_action_item sc_action_item_default with_image with_bg_color sc_action_item_mc\" style=\"background-color:#3B8EA5;\">\r\n\t\t\t<div class=\"sc_action_item_inner\"><h3 class=\"sc_action_item_title\"><span>Community Support Programm<\/span><\/h3><div class=\"sc_action_item_description\"><span>Bereitstellung von grundlegender Versorgung, Bildung und psychosozialer Unterst\u00fctzung bei gleichzeitiger Wahrung des kulturellen Erbes f\u00fcr vertriebene Communities.<\/span><\/div><a href=\"https:\/\/unitedhandsforrefugees.org\/de\/community-support-program\/\" class=\"sc_action_item_link sc_button sc_button_size_small\">Mehr erfahren<\/a><\/div><!-- \/.sc_action_item_inner --><\/div><\/div><div class=\"trx_addons_column-1_3\"><div class=\"sc_action_item sc_action_item_default with_image with_bg_color sc_action_item_mc\" style=\"background-color:#3B8EA5;\">\r\n\t\t\t<div class=\"sc_action_item_inner\"><h3 class=\"sc_action_item_title\"><span>Initiative f\u00fcr Jesid*innen<\/span><\/h3><div class=\"sc_action_item_description\"><span>Unterst\u00fctzung jesidischer Communities durch grundlegende und medizinische Versorgung, Wahrung ihres kulturellen Erbes und F\u00f6rderung ihrer Rechte.<\/span><\/div><a href=\"https:\/\/unitedhandsforrefugees.org\/de\/yazidi-support-program\/\" class=\"sc_action_item_link sc_button sc_button_size_small\">Mehr erfahren<\/a><\/div><!-- \/.sc_action_item_inner --><\/div><\/div><div class=\"trx_addons_column-1_3\"><div class=\"sc_action_item sc_action_item_default with_image with_bg_color sc_action_item_mc\" style=\"background-color:#3B8EA5;\">\r\n\t\t\t<div class=\"sc_action_item_inner\"><h3 class=\"sc_action_item_title\"><span>Advocacy &amp; Awareness<\/span><\/h3><div class=\"sc_action_item_description\"><span>Aufbau globaler Solidarit\u00e4t und Ansto\u00df von Ver\u00e4nderungen durch Bildung, Partnerschaften und Kampagnen zur F\u00f6rderung von Gerechtigkeit und der Rechte von Gefl\u00fcchteten.<\/span><\/div><a href=\"https:\/\/unitedhandsforrefugees.org\/de\/advocacy-awareness-programs\/\" class=\"sc_action_item_link sc_button sc_button_size_small\">Mehr erfahren<\/a><\/div><!-- \/.sc_action_item_inner --><\/div><\/div><\/div><\/div><!-- \/.sc_action -->\t\t\t\t<\/div>\n\t\t\t\t<\/div>\n\t\t\t\t<\/div>\n\t\t\t\t<\/div>","protected":false},"excerpt":{"rendered":"<p>Our Work UHfR works in three key program areas: Community Support Program, Yazidi Support Program, and Advocacy and Awareness Programs Community Support Program Providing essential aid, education, and psychosocial support while preserving cultural heritage for displaced communitiesLearn More Yazidi Support Program Supporting Yazidi communities through essential aid, healthcare access, cultural preservation, and advocacy for their&hellip;<\/p>","protected":false},"author":3,"featured_media":0,"parent":0,"menu_order":0,"comment_status":"closed","ping_status":"closed","template":"","meta":{"footnotes":""},"class_list":["post-6274","page","type-page","status-publish","hentry"],"yoast_head":"<!-- This site is optimized with the Yoast SEO Premium plugin v24.1 (Yoast SEO v24.1) - https:\/\/yoast.com\/wordpress\/plugins\/seo\/ -->\n<title>Our Work - United Hands for Refugees e.V. - Programs &amp; Initiatives<\/title>\n<meta name=\"description\" content=\"Discover UHfR&#039;s three key programs: Community Support, Yazidi Support, and Advocacy &amp; Awareness. Supporting displaced communities through aid, advocacy and cultural preservation.\" \/>\n<meta name=\"robots\" content=\"index, follow, max-snippet:-1, max-image-preview:large, max-video-preview:-1\" \/>\n<link rel=\"canonical\" href=\"https:\/\/unitedhandsforrefugees.org\/de\/our-work\/\" \/>\n<meta property=\"og:locale\" content=\"de_DE\" \/>\n<meta property=\"og:type\" content=\"article\" \/>\n<meta property=\"og:title\" content=\"Our Work\" \/>\n<meta property=\"og:description\" content=\"Discover UHfR&#039;s three key programs: Community Support, Yazidi Support, and Advocacy &amp; Awareness. Supporting displaced communities through aid, advocacy and cultural preservation.\" \/>\n<meta property=\"og:url\" content=\"https:\/\/unitedhandsforrefugees.org\/de\/our-work\/\" \/>\n<meta property=\"og:site_name\" content=\"United Hands for Refugees e.V.\" \/>\n<meta property=\"article:publisher\" content=\"https:\/\/www.facebook.com\/unitedhandsforrefugees\" \/>\n<meta property=\"article:modified_time\" content=\"2025-01-12T17:24:59+00:00\" \/>\n<meta property=\"og:image\" content=\"https:\/\/unitedhandsforrefugees.org\/wp-content\/uploads\/2024\/11\/UHfR-Logo-Horizontal.png\" \/>\n\t<meta property=\"og:image:width\" content=\"2890\" \/>\n\t<meta property=\"og:image:height\" content=\"822\" \/>\n\t<meta property=\"og:image:type\" content=\"image\/png\" \/>\n<meta name=\"twitter:card\" content=\"summary_large_image\" \/>\n<meta name=\"twitter:label1\" content=\"Gesch\u00e4tzte Lesezeit\" \/>\n\t<meta name=\"twitter:data1\" content=\"1\u00a0Minute\" \/>\n<script type=\"application\/ld+json\" class=\"yoast-schema-graph\">{\"@context\":\"https:\/\/schema.org\",\"@graph\":[{\"@type\":\"WebPage\",\"@id\":\"https:\/\/unitedhandsforrefugees.org\/our-work\/\",\"url\":\"https:\/\/unitedhandsforrefugees.org\/our-work\/\",\"name\":\"Our Work - United Hands for Refugees e.V. - Programs & Initiatives\",\"isPartOf\":{\"@id\":\"https:\/\/unitedhandsforrefugees.org\/#website\"},\"datePublished\":\"2024-12-09T20:18:30+00:00\",\"dateModified\":\"2025-01-12T17:24:59+00:00\",\"description\":\"Discover UHfR's three key programs: Community Support, Yazidi Support, and Advocacy & Awareness. Supporting displaced communities through aid, advocacy and cultural preservation.\",\"breadcrumb\":{\"@id\":\"https:\/\/unitedhandsforrefugees.org\/our-work\/#breadcrumb\"},\"inLanguage\":\"de\",\"potentialAction\":[{\"@type\":\"ReadAction\",\"target\":[\"https:\/\/unitedhandsforrefugees.org\/our-work\/\"]}]},{\"@type\":\"BreadcrumbList\",\"@id\":\"https:\/\/unitedhandsforrefugees.org\/our-work\/#breadcrumb\",\"itemListElement\":[{\"@type\":\"ListItem\",\"position\":1,\"name\":\"Home\",\"item\":\"https:\/\/unitedhandsforrefugees.org\/\"},{\"@type\":\"ListItem\",\"position\":2,\"name\":\"Our Work\"}]},{\"@type\":\"WebSite\",\"@id\":\"https:\/\/unitedhandsforrefugees.org\/#website\",\"url\":\"https:\/\/unitedhandsforrefugees.org\/\",\"name\":\"United Hands for Refugees e.V.\",\"description\":\"Newsletter\",\"publisher\":{\"@id\":\"https:\/\/unitedhandsforrefugees.org\/#organization\"},\"potentialAction\":[{\"@type\":\"SearchAction\",\"target\":{\"@type\":\"EntryPoint\",\"urlTemplate\":\"https:\/\/unitedhandsforrefugees.org\/?s={search_term_string}\"},\"query-input\":{\"@type\":\"PropertyValueSpecification\",\"valueRequired\":true,\"valueName\":\"search_term_string\"}}],\"inLanguage\":\"de\"},{\"@type\":\"Organization\",\"@id\":\"https:\/\/unitedhandsforrefugees.org\/#organization\",\"name\":\"United Hands for Refugees e.V.\",\"alternateName\":\"UHfR\",\"url\":\"https:\/\/unitedhandsforrefugees.org\/\",\"logo\":{\"@type\":\"ImageObject\",\"inLanguage\":\"de\",\"@id\":\"https:\/\/unitedhandsforrefugees.org\/#\/schema\/logo\/image\/\",\"url\":\"https:\/\/unitedhandsforrefugees.org\/wp-content\/uploads\/2024\/11\/UHfR-Logo-Horizontal.png\",\"contentUrl\":\"https:\/\/unitedhandsforrefugees.org\/wp-content\/uploads\/2024\/11\/UHfR-Logo-Horizontal.png\",\"width\":2890,\"height\":822,\"caption\":\"United Hands for Refugees e.V.\"},\"image\":{\"@id\":\"https:\/\/unitedhandsforrefugees.org\/#\/schema\/logo\/image\/\"},\"sameAs\":[\"https:\/\/www.facebook.com\/unitedhandsforrefugees\",\"https:\/\/www.instagram.com\/unitedhandsforrefugees\/\",\"https:\/\/www.linkedin.com\/company\/united-hands-for-refugees\/\"],\"description\":\"UHfR is a non-profit association supporting refugees and displaced communities.\",\"email\":\"info@unitedhandsforrefugees.org\",\"legalName\":\"United Hands for Refugees e.V.\"}]}<\/script>\n<!-- \/ Yoast SEO Premium plugin. -->","yoast_head_json":{"title":"Our Work - United Hands for Refugees e.V. - Programs & Initiatives","description":"Discover UHfR's three key programs: Community Support, Yazidi Support, and Advocacy & Awareness. Supporting displaced communities through aid, advocacy and cultural preservation.","robots":{"index":"index","follow":"follow","max-snippet":"max-snippet:-1","max-image-preview":"max-image-preview:large","max-video-preview":"max-video-preview:-1"},"canonical":"https:\/\/unitedhandsforrefugees.org\/de\/our-work\/","og_locale":"de_DE","og_type":"article","og_title":"Our Work","og_description":"Discover UHfR's three key programs: Community Support, Yazidi Support, and Advocacy & Awareness. Supporting displaced communities through aid, advocacy and cultural preservation.","og_url":"https:\/\/unitedhandsforrefugees.org\/de\/our-work\/","og_site_name":"United Hands for Refugees e.V.","article_publisher":"https:\/\/www.facebook.com\/unitedhandsforrefugees","article_modified_time":"2025-01-12T17:24:59+00:00","og_image":[{"width":2890,"height":822,"url":"https:\/\/unitedhandsforrefugees.org\/wp-content\/uploads\/2024\/11\/UHfR-Logo-Horizontal.png","type":"image\/png"}],"twitter_card":"summary_large_image","twitter_misc":{"Gesch\u00e4tzte Lesezeit":"1\u00a0Minute"},"schema":{"@context":"https:\/\/schema.org","@graph":[{"@type":"WebPage","@id":"https:\/\/unitedhandsforrefugees.org\/our-work\/","url":"https:\/\/unitedhandsforrefugees.org\/our-work\/","name":"Our Work - United Hands for Refugees e.V. - Programs & Initiatives","isPartOf":{"@id":"https:\/\/unitedhandsforrefugees.org\/#website"},"datePublished":"2024-12-09T20:18:30+00:00","dateModified":"2025-01-12T17:24:59+00:00","description":"Discover UHfR's three key programs: Community Support, Yazidi Support, and Advocacy & Awareness. Supporting displaced communities through aid, advocacy and cultural preservation.","breadcrumb":{"@id":"https:\/\/unitedhandsforrefugees.org\/our-work\/#breadcrumb"},"inLanguage":"de","potentialAction":[{"@type":"ReadAction","target":["https:\/\/unitedhandsforrefugees.org\/our-work\/"]}]},{"@type":"BreadcrumbList","@id":"https:\/\/unitedhandsforrefugees.org\/our-work\/#breadcrumb","itemListElement":[{"@type":"ListItem","position":1,"name":"Home","item":"https:\/\/unitedhandsforrefugees.org\/"},{"@type":"ListItem","position":2,"name":"Our Work"}]},{"@type":"WebSite","@id":"https:\/\/unitedhandsforrefugees.org\/#website","url":"https:\/\/unitedhandsforrefugees.org\/","name":"United Hands for Refugees e.V.","description":"Newsletter","publisher":{"@id":"https:\/\/unitedhandsforrefugees.org\/#organization"},"potentialAction":[{"@type":"SearchAction","target":{"@type":"EntryPoint","urlTemplate":"https:\/\/unitedhandsforrefugees.org\/?s={search_term_string}"},"query-input":{"@type":"PropertyValueSpecification","valueRequired":true,"valueName":"search_term_string"}}],"inLanguage":"de"},{"@type":"Organization","@id":"https:\/\/unitedhandsforrefugees.org\/#organization","name":"United Hands for Refugees e.V.","alternateName":"UHfR","url":"https:\/\/unitedhandsforrefugees.org\/","logo":{"@type":"ImageObject","inLanguage":"de","@id":"https:\/\/unitedhandsforrefugees.org\/#\/schema\/logo\/image\/","url":"https:\/\/unitedhandsforrefugees.org\/wp-content\/uploads\/2024\/11\/UHfR-Logo-Horizontal.png","contentUrl":"https:\/\/unitedhandsforrefugees.org\/wp-content\/uploads\/2024\/11\/UHfR-Logo-Horizontal.png","width":2890,"height":822,"caption":"United Hands for Refugees e.V."},"image":{"@id":"https:\/\/unitedhandsforrefugees.org\/#\/schema\/logo\/image\/"},"sameAs":["https:\/\/www.facebook.com\/unitedhandsforrefugees","https:\/\/www.instagram.com\/unitedhandsforrefugees\/","https:\/\/www.linkedin.com\/company\/united-hands-for-refugees\/"],"description":"UHfR is a non-profit association supporting refugees and displaced communities.","email":"info@unitedhandsforrefugees.org","legalName":"United Hands for Refugees e.V."}]}},"_links":{"self":[{"href":"https:\/\/unitedhandsforrefugees.org\/de\/wp-json\/wp\/v2\/pages\/6274","targetHints":{"allow":["GET"]}}],"collection":[{"href":"https:\/\/unitedhandsforrefugees.org\/de\/wp-json\/wp\/v2\/pages"}],"about":[{"href":"https:\/\/unitedhandsforrefugees.org\/de\/wp-json\/wp\/v2\/types\/page"}],"author":[{"embeddable":true,"href":"https:\/\/unitedhandsforrefugees.org\/de\/wp-json\/wp\/v2\/users\/3"}],"replies":[{"embeddable":true,"href":"https:\/\/unitedhandsforrefugees.org\/de\/wp-json\/wp\/v2\/comments?post=6274"}],"version-history":[{"count":52,"href":"https:\/\/unitedhandsforrefugees.org\/de\/wp-json\/wp\/v2\/pages\/6274\/revisions"}],"predecessor-version":[{"id":8191,"href":"https:\/\/unitedhandsforrefugees.org\/de\/wp-json\/wp\/v2\/pages\/6274\/revisions\/8191"}],"wp:attachment":[{"href":"https:\/\/unitedhandsforrefugees.org\/de\/wp-json\/wp\/v2\/media?parent=6274"}],"curies":[{"name":"wp","href":"https:\/\/api.w.org\/{rel}","templated":true}]}}