{"id":6508,"date":"2024-12-11T07:15:52","date_gmt":"2024-12-11T07:15:52","guid":{"rendered":"https:\/\/unitedhandsforrefugees.org\/?page_id=6508"},"modified":"2025-01-04T11:40:57","modified_gmt":"2025-01-04T10:40:57","slug":"safety-disclaimer","status":"publish","type":"page","link":"https:\/\/unitedhandsforrefugees.org\/de\/safety-disclaimer\/","title":{"rendered":"UHfR &amp; Sicherheit"},"content":{"rendered":"<div data-elementor-type=\"wp-page\" data-elementor-id=\"6508\" class=\"elementor elementor-6508\" data-elementor-post-type=\"page\">\n\t\t\t\t<div data-particle_enable=\"false\" data-particle-mobile-disabled=\"false\" class=\"elementor-element elementor-element-2feccf6 e-flex e-con-boxed e-con e-parent\" data-id=\"2feccf6\" data-element_type=\"container\">\n\t\t\t\t\t<div class=\"e-con-inner\">\n\t\t\t\t<div class=\"elementor-element elementor-element-2ad57fd sc_fly_static elementor-widget elementor-widget-heading\" data-id=\"2ad57fd\" data-element_type=\"widget\" data-widget_type=\"heading.default\">\n\t\t\t\t<div class=\"elementor-widget-container\">\n\t\t\t\t\t<h2 class=\"elementor-heading-title elementor-size-default\">HInweis UHfR &amp; SIcherheit<\/h2>\t\t\t\t<\/div>\n\t\t\t\t<\/div>\n\t\t\t\t\t<\/div>\n\t\t\t\t<\/div>\n\t\t<div data-particle_enable=\"false\" data-particle-mobile-disabled=\"false\" class=\"elementor-element elementor-element-215de58 e-con-full e-flex e-con e-parent\" data-id=\"215de58\" data-element_type=\"container\">\n\t\t\t\t<div class=\"elementor-element elementor-element-eb3d868 sc_fly_static elementor-widget elementor-widget-text-editor\" data-id=\"eb3d868\" data-element_type=\"widget\" data-widget_type=\"text-editor.default\">\n\t\t\t\t<div class=\"elementor-widget-container\">\n\t\t\t\t\t\t\t\t\t<p>Warum wir KEINE Details \u00fcber unsere Arbeit ver\u00f6ffentlichen?<\/p>\t\t\t\t\t\t\t\t<\/div>\n\t\t\t\t<\/div>\n\t\t\t\t<div class=\"elementor-element elementor-element-8f8dac0 sc_fly_static elementor-invisible elementor-widget elementor-widget-text-editor\" data-id=\"8f8dac0\" data-element_type=\"widget\" data-settings=\"{&quot;_animation&quot;:&quot;fadeIn&quot;}\" data-widget_type=\"text-editor.default\">\n\t\t\t\t<div class=\"elementor-widget-container\">\n\t\t\t\t\t\t\t\t\t<p><strong>Die Communities, mit denen wir arbeiten, sind st\u00e4ndig bedroht und zahlreichen Sicherheitsrisiken ausgesetzt.<\/strong><\/p><p>Anhaltende \u00dcbergriffe und Repressionen gegen Migrant:innen, Gefl\u00fcchtete und ihre Unterst\u00fctzer:innen haben deutlich gemacht, dass wir die Sicherheit aller Beteiligten nicht gef\u00e4hrden k\u00f6nnen. Weltweit beobachten wir zunehmend repressive politische Entwicklungen und eine Zunahme rassistischer und fremdenfeindlicher Einstellungen, die eine ernsthafte Bedrohung f\u00fcr die Sicherheit unserer Organisation, unserer Mitglieder und der von uns unterst\u00fctzten Communities darstellen. Migrant:innen feindliche Rhetorik und Stimmungen radikalisieren sich zunehmend und haben bereits zu zahlreichen rassistisch und politisch motivierten \u00dcbergriffen gef\u00fchrt. Unsere Arbeit als zivilgesellschaftliche Initiative, um diesen Tendenzen entgegenzuwirken, ist nicht nur finanziell herausfordernd, sondern in vielen F\u00e4llen auch gef\u00e4hrlich, da sie mit dem Risiko rechtlicher Verfolgung, physischer und verbaler Angriffe und anderer gezielter Aktionen von Rassist:innen und Extremist:innen verbunden ist.<\/p><p>F\u00fcr viele Migranten:innen und Gefl\u00fcchtete bedeutet das Verlassen einer Konfliktzone nicht automatisch, dass sie in Sicherheit sind. Sowohl auf der Flucht als auch nach der Ankunft in einem neuen Land - sei es dauerhaft oder unter prek\u00e4ren und tempor\u00e4ren Bedingungen - bleiben sie politisch, sozial und \u00f6konomisch gef\u00e4hrdet und der Gefahr von Verfolgung und systematischer Unterdr\u00fcckung ausgesetzt. Sicherheit und Schutz sind in Transit- oder Drittstaaten keineswegs gew\u00e4hrleistet.<\/p><p>Die Preisgabe der Identit\u00e4t oder pers\u00f6nlicher Daten der Menschen, mit denen wir arbeiten, oder die Weitergabe von Informationen \u00fcber ihren Aufenthaltsort und ihre Lebensbedingungen kann f\u00fcr sie schwerwiegende Folgen haben. Auch unsere Freiwilligen, die in Kontakt mit den Communities stehen, k\u00f6nnten ernsthafte Konsequenzen f\u00fcr ihr Engagement erfahren.<\/p><p>Daher k\u00f6nnen wir zum Schutz der Communities, mit denen wir in Kontakt stehen, und unserer Freiwilligen keine Bilder oder Informationen ver\u00f6ffentlichen, die den Aufenthaltsort offenbaren oder als Kritik an bestimmten staatlichen oder nichtstaatlichen Akteuren interpretiert werden k\u00f6nnten, die ihnen schaden k\u00f6nnten.<\/p><p>Danke f\u00fcr dein Verst\u00e4ndnis. Gerne kannst du uns direkt kontaktieren um mehr \u00fcber unsere Arbeit zu erfahren.<\/p>\t\t\t\t\t\t\t\t<\/div>\n\t\t\t\t<\/div>\n\t\t\t\t<div class=\"elementor-element elementor-element-8dd85e4 sc_fly_static elementor-widget elementor-widget-trx_sc_button\" data-id=\"8dd85e4\" data-element_type=\"widget\" data-widget_type=\"trx_sc_button.default\">\n\t\t\t\t<div class=\"elementor-widget-container\">\n\t\t\t\t\t<div id=\"trx_sc_button_417501656\"\tclass=\"sc_item_button sc_button_wrap\"><a href=\"https:\/\/unitedhandsforrefugees.org\/de\/contact-us\/\" class=\"sc_button sc_button_simple sc_button_size_large sc_button_icon_left color_style_link2\"><span class=\"sc_button_text\"><span class=\"sc_button_title\">Kontakt<\/span><\/span><!-- \/.sc_button_text --><\/a><!-- \/.sc_button --><\/div><!-- \/.sc_item_button -->\t\t\t\t<\/div>\n\t\t\t\t<\/div>\n\t\t\t\t<\/div>\n\t\t\t\t<\/div>","protected":false},"excerpt":{"rendered":"<p>UHfR &amp; SAFETY Why we do NOT share details of our work? The communities we work with are under constant threat and face many security risks. Ongoing attacks against and oppression of migrants and refugees and those who support them made it clear that we cannot risk the safety of those involved in our project.&hellip;<\/p>","protected":false},"author":3,"featured_media":0,"parent":0,"menu_order":0,"comment_status":"closed","ping_status":"closed","template":"","meta":{"footnotes":""},"class_list":["post-6508","page","type-page","status-publish","hentry"],"yoast_head":"<!-- This site is optimized with the Yoast SEO Premium plugin v24.1 (Yoast SEO v24.1) - https:\/\/yoast.com\/wordpress\/plugins\/seo\/ -->\n<title>UHfR Safety &amp; Security Policy - United Hands for Refugees e.V.<\/title>\n<meta name=\"description\" content=\"Learn about UHfR&#039;s commitment to protecting refugee communities through our safety-first approach. Understanding our privacy and security measures for vulnerable populations.\" \/>\n<meta name=\"robots\" content=\"index, follow, max-snippet:-1, max-image-preview:large, max-video-preview:-1\" \/>\n<link rel=\"canonical\" href=\"https:\/\/unitedhandsforrefugees.org\/de\/safety-disclaimer\/\" \/>\n<meta property=\"og:locale\" content=\"de_DE\" \/>\n<meta property=\"og:type\" content=\"article\" \/>\n<meta property=\"og:title\" content=\"UHfR &amp; Safety\" \/>\n<meta property=\"og:description\" content=\"Learn about UHfR&#039;s commitment to protecting refugee communities through our safety-first approach. Understanding our privacy and security measures for vulnerable populations.\" \/>\n<meta property=\"og:url\" content=\"https:\/\/unitedhandsforrefugees.org\/de\/safety-disclaimer\/\" \/>\n<meta property=\"og:site_name\" content=\"United Hands for Refugees e.V.\" \/>\n<meta property=\"article:publisher\" content=\"https:\/\/www.facebook.com\/unitedhandsforrefugees\" \/>\n<meta property=\"article:modified_time\" content=\"2025-01-04T10:40:57+00:00\" \/>\n<meta property=\"og:image\" content=\"https:\/\/unitedhandsforrefugees.org\/wp-content\/uploads\/2024\/11\/UHfR-Logo-Horizontal.png\" \/>\n\t<meta property=\"og:image:width\" content=\"2890\" \/>\n\t<meta property=\"og:image:height\" content=\"822\" \/>\n\t<meta property=\"og:image:type\" content=\"image\/png\" \/>\n<meta name=\"twitter:card\" content=\"summary_large_image\" \/>\n<meta name=\"twitter:label1\" content=\"Gesch\u00e4tzte Lesezeit\" \/>\n\t<meta name=\"twitter:data1\" content=\"2\u00a0Minuten\" \/>\n<script type=\"application\/ld+json\" class=\"yoast-schema-graph\">{\"@context\":\"https:\/\/schema.org\",\"@graph\":[{\"@type\":\"WebPage\",\"@id\":\"https:\/\/unitedhandsforrefugees.org\/safety-disclaimer\/\",\"url\":\"https:\/\/unitedhandsforrefugees.org\/safety-disclaimer\/\",\"name\":\"UHfR Safety & Security Policy - United Hands for Refugees e.V.\",\"isPartOf\":{\"@id\":\"https:\/\/unitedhandsforrefugees.org\/#website\"},\"datePublished\":\"2024-12-11T07:15:52+00:00\",\"dateModified\":\"2025-01-04T10:40:57+00:00\",\"description\":\"Learn about UHfR's commitment to protecting refugee communities through our safety-first approach. Understanding our privacy and security measures for vulnerable populations.\",\"breadcrumb\":{\"@id\":\"https:\/\/unitedhandsforrefugees.org\/safety-disclaimer\/#breadcrumb\"},\"inLanguage\":\"de\",\"potentialAction\":[{\"@type\":\"ReadAction\",\"target\":[\"https:\/\/unitedhandsforrefugees.org\/safety-disclaimer\/\"]}]},{\"@type\":\"BreadcrumbList\",\"@id\":\"https:\/\/unitedhandsforrefugees.org\/safety-disclaimer\/#breadcrumb\",\"itemListElement\":[{\"@type\":\"ListItem\",\"position\":1,\"name\":\"Home\",\"item\":\"https:\/\/unitedhandsforrefugees.org\/\"},{\"@type\":\"ListItem\",\"position\":2,\"name\":\"UHfR &#038; Safety\"}]},{\"@type\":\"WebSite\",\"@id\":\"https:\/\/unitedhandsforrefugees.org\/#website\",\"url\":\"https:\/\/unitedhandsforrefugees.org\/\",\"name\":\"United Hands for Refugees e.V.\",\"description\":\"Newsletter\",\"publisher\":{\"@id\":\"https:\/\/unitedhandsforrefugees.org\/#organization\"},\"potentialAction\":[{\"@type\":\"SearchAction\",\"target\":{\"@type\":\"EntryPoint\",\"urlTemplate\":\"https:\/\/unitedhandsforrefugees.org\/?s={search_term_string}\"},\"query-input\":{\"@type\":\"PropertyValueSpecification\",\"valueRequired\":true,\"valueName\":\"search_term_string\"}}],\"inLanguage\":\"de\"},{\"@type\":\"Organization\",\"@id\":\"https:\/\/unitedhandsforrefugees.org\/#organization\",\"name\":\"United Hands for Refugees e.V.\",\"alternateName\":\"UHfR\",\"url\":\"https:\/\/unitedhandsforrefugees.org\/\",\"logo\":{\"@type\":\"ImageObject\",\"inLanguage\":\"de\",\"@id\":\"https:\/\/unitedhandsforrefugees.org\/#\/schema\/logo\/image\/\",\"url\":\"https:\/\/unitedhandsforrefugees.org\/wp-content\/uploads\/2024\/11\/UHfR-Logo-Horizontal.png\",\"contentUrl\":\"https:\/\/unitedhandsforrefugees.org\/wp-content\/uploads\/2024\/11\/UHfR-Logo-Horizontal.png\",\"width\":2890,\"height\":822,\"caption\":\"United Hands for Refugees e.V.\"},\"image\":{\"@id\":\"https:\/\/unitedhandsforrefugees.org\/#\/schema\/logo\/image\/\"},\"sameAs\":[\"https:\/\/www.facebook.com\/unitedhandsforrefugees\",\"https:\/\/www.instagram.com\/unitedhandsforrefugees\/\",\"https:\/\/www.linkedin.com\/company\/united-hands-for-refugees\/\"],\"description\":\"UHfR is a non-profit association supporting refugees and displaced communities.\",\"email\":\"info@unitedhandsforrefugees.org\",\"legalName\":\"United Hands for Refugees e.V.\"}]}<\/script>\n<!-- \/ Yoast SEO Premium plugin. -->","yoast_head_json":{"title":"UHfR Safety & Security Policy - United Hands for Refugees e.V.","description":"Learn about UHfR's commitment to protecting refugee communities through our safety-first approach. Understanding our privacy and security measures for vulnerable populations.","robots":{"index":"index","follow":"follow","max-snippet":"max-snippet:-1","max-image-preview":"max-image-preview:large","max-video-preview":"max-video-preview:-1"},"canonical":"https:\/\/unitedhandsforrefugees.org\/de\/safety-disclaimer\/","og_locale":"de_DE","og_type":"article","og_title":"UHfR & Safety","og_description":"Learn about UHfR's commitment to protecting refugee communities through our safety-first approach. Understanding our privacy and security measures for vulnerable populations.","og_url":"https:\/\/unitedhandsforrefugees.org\/de\/safety-disclaimer\/","og_site_name":"United Hands for Refugees e.V.","article_publisher":"https:\/\/www.facebook.com\/unitedhandsforrefugees","article_modified_time":"2025-01-04T10:40:57+00:00","og_image":[{"width":2890,"height":822,"url":"https:\/\/unitedhandsforrefugees.org\/wp-content\/uploads\/2024\/11\/UHfR-Logo-Horizontal.png","type":"image\/png"}],"twitter_card":"summary_large_image","twitter_misc":{"Gesch\u00e4tzte Lesezeit":"2\u00a0Minuten"},"schema":{"@context":"https:\/\/schema.org","@graph":[{"@type":"WebPage","@id":"https:\/\/unitedhandsforrefugees.org\/safety-disclaimer\/","url":"https:\/\/unitedhandsforrefugees.org\/safety-disclaimer\/","name":"UHfR Safety & Security Policy - United Hands for Refugees e.V.","isPartOf":{"@id":"https:\/\/unitedhandsforrefugees.org\/#website"},"datePublished":"2024-12-11T07:15:52+00:00","dateModified":"2025-01-04T10:40:57+00:00","description":"Learn about UHfR's commitment to protecting refugee communities through our safety-first approach. Understanding our privacy and security measures for vulnerable populations.","breadcrumb":{"@id":"https:\/\/unitedhandsforrefugees.org\/safety-disclaimer\/#breadcrumb"},"inLanguage":"de","potentialAction":[{"@type":"ReadAction","target":["https:\/\/unitedhandsforrefugees.org\/safety-disclaimer\/"]}]},{"@type":"BreadcrumbList","@id":"https:\/\/unitedhandsforrefugees.org\/safety-disclaimer\/#breadcrumb","itemListElement":[{"@type":"ListItem","position":1,"name":"Home","item":"https:\/\/unitedhandsforrefugees.org\/"},{"@type":"ListItem","position":2,"name":"UHfR &#038; Safety"}]},{"@type":"WebSite","@id":"https:\/\/unitedhandsforrefugees.org\/#website","url":"https:\/\/unitedhandsforrefugees.org\/","name":"United Hands for Refugees e.V.","description":"Newsletter","publisher":{"@id":"https:\/\/unitedhandsforrefugees.org\/#organization"},"potentialAction":[{"@type":"SearchAction","target":{"@type":"EntryPoint","urlTemplate":"https:\/\/unitedhandsforrefugees.org\/?s={search_term_string}"},"query-input":{"@type":"PropertyValueSpecification","valueRequired":true,"valueName":"search_term_string"}}],"inLanguage":"de"},{"@type":"Organization","@id":"https:\/\/unitedhandsforrefugees.org\/#organization","name":"United Hands for Refugees e.V.","alternateName":"UHfR","url":"https:\/\/unitedhandsforrefugees.org\/","logo":{"@type":"ImageObject","inLanguage":"de","@id":"https:\/\/unitedhandsforrefugees.org\/#\/schema\/logo\/image\/","url":"https:\/\/unitedhandsforrefugees.org\/wp-content\/uploads\/2024\/11\/UHfR-Logo-Horizontal.png","contentUrl":"https:\/\/unitedhandsforrefugees.org\/wp-content\/uploads\/2024\/11\/UHfR-Logo-Horizontal.png","width":2890,"height":822,"caption":"United Hands for Refugees e.V."},"image":{"@id":"https:\/\/unitedhandsforrefugees.org\/#\/schema\/logo\/image\/"},"sameAs":["https:\/\/www.facebook.com\/unitedhandsforrefugees","https:\/\/www.instagram.com\/unitedhandsforrefugees\/","https:\/\/www.linkedin.com\/company\/united-hands-for-refugees\/"],"description":"UHfR is a non-profit association supporting refugees and displaced communities.","email":"info@unitedhandsforrefugees.org","legalName":"United Hands for Refugees e.V."}]}},"_links":{"self":[{"href":"https:\/\/unitedhandsforrefugees.org\/de\/wp-json\/wp\/v2\/pages\/6508","targetHints":{"allow":["GET"]}}],"collection":[{"href":"https:\/\/unitedhandsforrefugees.org\/de\/wp-json\/wp\/v2\/pages"}],"about":[{"href":"https:\/\/unitedhandsforrefugees.org\/de\/wp-json\/wp\/v2\/types\/page"}],"author":[{"embeddable":true,"href":"https:\/\/unitedhandsforrefugees.org\/de\/wp-json\/wp\/v2\/users\/3"}],"replies":[{"embeddable":true,"href":"https:\/\/unitedhandsforrefugees.org\/de\/wp-json\/wp\/v2\/comments?post=6508"}],"version-history":[{"count":19,"href":"https:\/\/unitedhandsforrefugees.org\/de\/wp-json\/wp\/v2\/pages\/6508\/revisions"}],"predecessor-version":[{"id":7795,"href":"https:\/\/unitedhandsforrefugees.org\/de\/wp-json\/wp\/v2\/pages\/6508\/revisions\/7795"}],"wp:attachment":[{"href":"https:\/\/unitedhandsforrefugees.org\/de\/wp-json\/wp\/v2\/media?parent=6508"}],"curies":[{"name":"wp","href":"https:\/\/api.w.org\/{rel}","templated":true}]}}